{"id":2276,"date":"2018-01-22T23:35:03","date_gmt":"2018-01-22T23:35:03","guid":{"rendered":"https:\/\/provive.mx\/?page_id=2276"},"modified":"2019-01-02T21:02:43","modified_gmt":"2019-01-02T21:02:43","slug":"casas-adjudicadas-traspasos-infonavit-provive","status":"publish","type":"page","link":"https:\/\/provive.mx\/blog\/casas-adjudicadas-traspasos-infonavit-provive\/","title":{"rendered":"Casas adjudicadas en M\u00e9xico | Traspasos Infonavit | Provive"},"content":{"rendered":"<p>[vc_row is_height=\u00bbyes\u00bb row_height=\u00bb980&#8243; section_templte=\u00bbfeatures-area2&#8243; zero_pt=\u00bb220px\u00bb zero_pb=\u00bb220px\u00bb is_row_overlay=\u00bboverlay\u00bb css=\u00bb.vc_custom_1518893141248{background-image: url(https:\/\/provive.mx\/wp-content\/uploads\/2018\/02\/financiamiento-provive-comunidades-que-renacen.png?id=2612) !important;background-position: center !important;background-repeat: no-repeat !important;background-size: cover !important;}\u00bb][vc_column width=\u00bb1\/1&#8243;][vc_row_inner inova_container_class=\u00bbcontainer\u00bb el_class=\u00bbcontent-h1-space-provive\u00bb][vc_column_inner width=\u00bb2\/3&#8243;][vc_empty_space height=\u00bb275px\u00bb el_class=\u00bbh1-space-provive\u00bb][vc_column_text css=\u00bb.vc_custom_1520380793391{padding-top: 25px !important;padding-right: 25px !important;padding-bottom: 25px !important;padding-left: 25px !important;background-color: #ffffff !important;}\u00bb]<\/p>\n<h1 class=\"h1-provive-page\"><span style=\"color: #3475bb;\">Con Provive puedes obtener una de las diferentes casas adjudicadas usando tu cr\u00e9dito Infonavit, renovada y lista para habitar con garant\u00eda.<\/span><\/h1>\n<p>[\/vc_column_text][vc_empty_space height=\u00bb40px\u00bb][vc_btn title=\u00bbADQUIRIR FINANCIAMIENTO\u00bb style=\u00bbcustom\u00bb custom_background=\u00bb#3475bb\u00bb custom_text=\u00bb#ffffff\u00bb align=\u00bbleft\u00bb link=\u00bburl:https%3A%2F%2Finfo.provive.mx%2Fcreditos-contactanos-hoy|||\u00bb][\/vc_column_inner][vc_column_inner width=\u00bb1\/3&#8243;][\/vc_column_inner][\/vc_row_inner][\/vc_column][\/vc_row][vc_row section_templte=\u00bbfeatures-area\u00bb features_pt=\u00bb220px\u00bb features_pb=\u00bb220px\u00bb css=\u00bb.vc_custom_1517286521535{background-color: #f8fafc !important;}\u00bb][vc_column width=\u00bb1\/1&#8243;][vc_row_inner inova_container_class=\u00bbcontainer\u00bb][vc_column_inner width=\u00bb1\/2&#8243;][vc_empty_space height=\u00bb50px\u00bb][inova_section_title title_type=\u00bbhalf_left\u00bb title_text=\u00bbFinanciamiento amigable\u00bb][vc_column_text]Cuando llega el momento de dar el gran paso y adquirir tu nuevo hogar, Provive pone a tu disposici\u00f3n <a title=\"casas en venta en Tijuana: Provive\" href=\"https:\/\/provive.mx\/casas-en-venta-venta-de-casas-provive\/\">casas en venta en M\u00e9xico<\/a>, hay distintos tipos de financiamiento o tipos de cr\u00e9dito de vivienda a los que puedes acceder para hacer tu sue\u00f1o realidad.[\/vc_column_text][vc_empty_space height=\u00bb22px\u00bb][vc_column_text]Ponte en contacto con nuestro departamento de <a title=\"Programa Vive Ganando de Provive\" href=\"https:\/\/provive.mx\/credito-fovissste-casas-adjudicadas-infonavit-en-mexico\/\">Vive Ganando<\/a> y comienza a ganar dinero para pagar tu casa.[\/vc_column_text][vc_empty_space height=\u00bb40px\u00bb][\/vc_column_inner][vc_column_inner width=\u00bb1\/2&#8243; offset=\u00bbvc_hidden-sm vc_hidden-xs\u00bb][inova_image_half_container full_height=\u00bb\u00bb single_image=\u00bb3684&#8243;][\/vc_column_inner][\/vc_row_inner][\/vc_column][\/vc_row][vc_row section_templte=\u00bbpower-features\u00bb power_feature_pt=\u00bb125px\u00bb power_feature_pb=\u00bb100px\u00bb][vc_column width=\u00bb1\/1&#8243;][vc_single_image image=\u00bb3686&#8243; img_size=\u00bbfull\u00bb alignment=\u00bbcenter\u00bb][vc_empty_space height=\u00bb75px\u00bb][vc_row_inner inova_container_class=\u00bbcontainer\u00bb][vc_column_inner width=\u00bb1\/6&#8243;][\/vc_column_inner][vc_column_inner width=\u00bb2\/3&#8243;][inova_trusted_client_slider trusted_client_sliders=\u00bb%5B%7B%22client_logo_image%22%3A%222456%22%7D%2C%7B%22client_logo_image%22%3A%222451%22%7D%2C%7B%22client_logo_image%22%3A%222458%22%7D%2C%7B%22client_logo_image%22%3A%223075%22%7D%5D\u00bb][\/vc_column_inner][vc_column_inner width=\u00bb1\/6&#8243;][\/vc_column_inner][\/vc_row_inner][vc_row_inner inova_container_class=\u00bbcontainer\u00bb][vc_column_inner width=\u00bb1\/3&#8243;][inova_section_title title_type=\u00bbhalf_left\u00bb title_text=\u00bbCr\u00e9dito Fovissste\u00bb][vc_column_text]Fovissste es la instituci\u00f3n encargada de otorgar los cr\u00e9ditos de vivienda para los trabajadores al servicio del estado. Contamos con garant\u00eda \u00fanica en el mercado de <a title=\"Casas adjudicas: Provive\" href=\"https:\/\/provive.mx\/\">casas adjudicadas<\/a> o <a title=\"Casas recuperadas en venta\" href=\"https:\/\/provive.mx\/casas-recuperadas-en-venta-casas-en-remate\/\">casas recuperadas en venta<\/a>.[\/vc_column_text][vc_empty_space height=\u00bb22px\u00bb][vc_column_text el_class=\u00bbfeatures-content\u00bb]<span class=\"azul\">\u00bb <\/span><em>Tus pagos nunca ser\u00e1n mayores al 30% de tu sueldo<\/em>[\/vc_column_text][vc_column_text el_class=\u00bbfeatures-content\u00bb]<span class=\"azul\">\u00bb <\/span><em>Cuenta con <strong>programas de apoyo<\/strong> y asesor\u00eda crediticia para casas adjudicadas en Tijuana<\/em>[\/vc_column_text][vc_column_text el_class=\u00bbfeatures-content\u00bb]<span class=\"azul\">\u00bb <\/span><em>Cuenta con apoyos para personas con capacidades especiales<\/em>[\/vc_column_text][vc_column_text el_class=\u00bbfeatures-content\u00bb]<span class=\"azul\">\u00bb <\/span><em>Puedes sumar los puntos Infonavit de tu trabajo anterior<\/em>[\/vc_column_text][vc_column_text el_class=\u00bbfeatures-content\u00bb]<span class=\"azul\">\u00bb <\/span><em>Dise\u00f1ado a medida de los trabajadores del estado<\/em>[\/vc_column_text][vc_column_text el_class=\u00bbfeatures-content\u00bb]<span class=\"azul\">\u00bb <\/span><em>Ya no se realizan a base de sorteo<\/em>[\/vc_column_text][\/vc_column_inner][vc_column_inner width=\u00bb1\/3&#8243;][inova_section_title title_type=\u00bbhalf_left\u00bb title_text=\u00bbCr\u00e9dito Infonavit\u00bb][inova_section_subtitle subtitle_type=\u00bbhalf_left\u00bb subtitle_text=\u00bbComo trabajador afiliado al IMSS puedes calificar a un cr\u00e9dito de vivienda, para calificar a este cr\u00e9dito se establece una puntuaci\u00f3n a base de tu edad, salario, ahorro a tu subcuenta de vivienda y el tiempo que llevas cotizando en tu trabajo actual.\u00bb][vc_empty_space height=\u00bb22px\u00bb][vc_column_text el_class=\u00bbfeatures-content\u00bb]<span class=\"azul\">\u00bb <\/span><em>Descuentos v\u00eda n\u00f3mina<\/em>[\/vc_column_text][vc_column_text el_class=\u00bbfeatures-content\u00bb]<span class=\"azul\">\u00bb <\/span><em>Asesor\u00edas y <strong>apoyos en caso de desempleo<\/strong><\/em>[\/vc_column_text][vc_column_text el_class=\u00bbfeatures-content\u00bb]<span class=\"azul\">\u00bb <\/span><em>Cuenta con distintos programas de orientaci\u00f3n<\/em>[\/vc_column_text][vc_column_text el_class=\u00bbfeatures-content\u00bb]<span class=\"azul\">\u00bb <\/span><em>Facilidades de pago y <strong>refinanciamientos en base a estudios socioecon\u00f3micos<\/strong><\/em>[\/vc_column_text][vc_column_text el_class=\u00bbfeatures-content\u00bb]<span class=\"azul\">\u00bb <\/span><em>Apoyo a personas con capacidades especiales<\/em>[\/vc_column_text][\/vc_column_inner][vc_column_inner width=\u00bb1\/3&#8243;][inova_section_title title_type=\u00bbhalf_left\u00bb title_text=\u00bbCr\u00e9dito Hipotecario\u00bb][inova_section_subtitle subtitle_type=\u00bbhalf_left\u00bb subtitle_text=\u00bbDiferentes instituciones bancarias ofrecen cr\u00e9ditos creados espec\u00edficamente para la obtenci\u00f3n de una vivienda, es importante compararlos y escoger el que mejor se ajuste a tus necesidades.\u00bb][vc_empty_space height=\u00bb22px\u00bb][vc_column_text el_class=\u00bbfeatures-content\u00bb]<span class=\"azul\">\u00bb <\/span><em>Ideal para cuando eres tu propio jefe<\/em>[\/vc_column_text][vc_column_text el_class=\u00bbfeatures-content\u00bb]<span class=\"azul\">\u00bb <\/span><em>Existe una amplia variedad de hipotecas en el mercado,\u00a0algunas de ellas con <strong>tasas de inter\u00e9s menores a las ofrecidas por Infonavit y Fovissste<\/strong><\/em>[\/vc_column_text][vc_column_text el_class=\u00bbfeatures-content\u00bb]<span class=\"azul\">\u00bb <\/span><em>Puedes combinarlo con tu cr\u00e9dito Infonavit y Fovissste para obtener opciones de casas adjudicadas de mayor valor<\/em>[\/vc_column_text][\/vc_column_inner][\/vc_row_inner][\/vc_column][\/vc_row][vc_row section_templte=\u00bbfun-fact-area\u00bb is_row_overlay=\u00bboverlay\u00bb row_gradient_type=\u00bblinear\u00bb row_linear_gradient_angle=\u00bb-15&#8243; row_bg_image=\u00bb1143&#8243;][vc_column width=\u00bb1\/1&#8243;][vc_row_inner inova_container_class=\u00bbcontainer\u00bb][vc_column_inner offset=\u00bbvc_col-md-8&#8243;][vc_column_text css=\u00bb.vc_custom_1546462961720{margin-left: 90px !important;}\u00bb]<\/p>\n<h3 class=\"h3-provive-seccion\" style=\"text-align: left;\"><span style=\"color: #ffffff;\"><span style=\"font-weight: 400;\">Si ya has encontrado el tipo de financiamiento que mejor se adapta a tus necesidades, ha llegado la hora de tener una casa.<\/span><\/span><\/h3>\n<p>[\/vc_column_text][\/vc_column_inner][vc_column_inner offset=\u00bbvc_col-md-4&#8243;][vc_btn title=\u00bbCONT\u00c1CTANOS HOY\u00bb style=\u00bbcustom\u00bb custom_background=\u00bb#39b344&#8243; custom_text=\u00bb#ffffff\u00bb inova_vc_btn_pr=\u00bb70px\u00bb inova_vc_btn_pl=\u00bb70px\u00bb link=\u00bburl:https%3A%2F%2Finfo.provive.mx%2Ffinanciamiento-provive|title:Financiamiento||\u00bb][\/vc_column_inner][\/vc_row_inner][\/vc_column][\/vc_row][vc_row section_templte=\u00bbfeatures-area\u00bb css=\u00bb.vc_custom_1505880928647{background-color: #f8fafc !important;}\u00bb][vc_column width=\u00bb1\/1&#8243;][vc_row_inner inova_container_class=\u00bbcontainer\u00bb][vc_column_inner][inova_section_title title_type=\u00bbhalf_left\u00bb title_text=\u00bbPreguntas frecuentes:\u00bb][inova_accrodions inova_accordions=\u00bb%5B%7B%22accordion_title%22%3A%22%C2%BFMediante%20qu%C3%A9%20cr%C3%A9dito%20puedo%20comprar%20mi%20casa%3F%22%2C%22accordion_detail%22%3A%22Te%20damos%20la%20facilidad%20de%20adquirir%20tu%20vivienda%20Provive%20mediante%20alguno%20de%20estos%20cr%C3%A9ditos%3A%20%20Infonavit%2C%20Fovisste%20o%20Hipotecario.%20%C2%A1Ac%C3%A9rcate%20con%20nosotros%20para%20conocer%20la%20forma%20que%20m%C3%A1s%20te%20convenga!%22%7D%2C%7B%22accordion_title%22%3A%22Tengo%20cr%C3%A9dito%20Infonavit%2C%20%C2%BFC%C3%B3mo%20lo%20utilizo%3F%20%22%2C%22accordion_detail%22%3A%22Si%20tienes%20m%C3%A1s%20de%20116%20puntos%20acumulados%2C%20y%20empleo%20vigente%20podr%C3%ADas%20calificar%20para%20obtener%20tu%20cr%C3%A9dito%20Infonavit.%20Puedes%20calcular%20tus%20puntos%20con%20en%20el%20siguiente%20enlace%20con%20tu%20n%C3%BAmero%20de%20seguro%20social%2C%20y%20fecha%20de%20nacimiento.%20https%3A%2F%2Fgoo.gl%2F2uTWDc%20%22%7D%2C%7B%22accordion_title%22%3A%22Tengo%20cr%C3%A9dito%20Fovissste%20%C2%BFC%C3%B3mo%20lo%20utilizo%3F%22%2C%22accordion_detail%22%3A%22Antes%20que%20nada%20es%20indispensable%20que%20cotices%2018%20meses%20y%20participes%20en%20el%20sorteo%20que%20realizan.%20Tradicionalmente%20la%20convocatoria%20se%20abre%20en%20el%20mes%20de%20octubre%20y%20la%20publicaci%C3%B3n%20de%20resultados%20se%20hace%20en%20el%20mes%20de%20noviembre.%20La%20etapa%20final%20del%20cr%C3%A9dito%20toma%20alrededor%20de%204%20meses%2C%20s%C3%A9%20paciente%20y%20cumple%20los%20requisitos%20establecidos%20por%20parte%20de%20Fovissste.%20En%20este%20periodo%20la%20entidad%20financiera%20debe%20ingresar%20tu%20cr%C3%A9dito%20a%20la%20fase%20de%20Verificaci%C3%B3n%20Final%20de%20Importes.%22%7D%2C%7B%22accordion_title%22%3A%22Mi%20monto%20con%20Infonavit%20no%20alcanza%20%C2%BFC%C3%B3mo%20puedo%20comprar%3F%22%2C%22accordion_detail%22%3A%22En%20caso%20de%20no%20poder%20cubrir%20con%20el%20monto%20acumulado%20tambi%C3%A9n%20puedes%20solicitar%20tu%20vivienda%20cubriendo%20la%20diferencia%20de%20contado%20o%20solicitando%20cr%C3%A9dito%20hipotecario.%20Ten%20en%20cuenta%20no%20estar%20en%20bur%C3%B3%20de%20cr%C3%A9dito%20para%20solicitar%20tu%20cr%C3%A9dito%20Infonavit.%22%7D%2C%7B%22accordion_title%22%3A%22%C2%BFQu%C3%A9%20pasa%20si%20a%C3%BAn%20no%20califico%20en%20cr%C3%A9dito%20Infonavit%3F%22%2C%22accordion_detail%22%3A%22Te%20recomendamos%20intentar%20calificar%20con%20cr%C3%A9dito%20hipotecario%20para%20no%20esperar%20m%C3%A1s%20tiempo%20para%20estrenar%20tu%20vivienda.%20O%20si%20lo%20prefieres%20puedes%20esperar%20a%20acumular%20m%C3%A1s%20puntos%20en%20Infonavit.%20Te%20recomendamos%20tener%20en%20cuenta%20tu%20fecha%20de%20pre-calificaci%C3%B3n%20que%20te%20indica%20el%20portal%20y%20acudir%20con%20nosotros%20para%20conocer%20nuestras%20opciones%20de%20vivienda.%20%22%7D%2C%7B%22accordion_title%22%3A%22%C2%BFQu%C3%A9%20debo%20tomar%20en%20cuenta%20para%20adquirir%20mi%20vivienda%3F%22%2C%22accordion_detail%22%3A%22Toma%20nota%20sobre%20las%20siguientes%20recomendaciones%3A%20adquirir%20una%20vivienda%20que%20se%20ajuste%20a%20tus%20gastos%20semanales%2C%20no%20cambiarte%20de%20Afore%2C%20no%20cambiar%20de%20trabajo%2C%20contar%20con%20documentos%20originales%20y%20vigentes.%5Cn%22%7D%5D\u00bb accordion_css=\u00bb.vc_custom_1520374476188{margin-top: 0px !important;}\u00bb][vc_empty_space height=\u00bb60px\u00bb][vc_btn title=\u00bbCONOCE M\u00c1S\u00bb style=\u00bbcustom\u00bb custom_background=\u00bb#3475bb\u00bb custom_text=\u00bb#ffffff\u00bb link=\u00bburl:https%3A%2F%2Fprovive.mx%2Fcontactanos%2F|title:Adquiere%20tu%20casa%20hoy%2C%20con%20Provive||\u00bb][\/vc_column_inner][\/vc_row_inner][\/vc_column][\/vc_row]<\/p>\n","protected":false},"excerpt":{"rendered":"<p>[vc_row is_height=\u00bbyes\u00bb row_height=\u00bb980&#8243; section_templte=\u00bbfeatures-area2&#8243; zero_pt=\u00bb220px\u00bb zero_pb=\u00bb220px\u00bb is_row_overlay=\u00bboverlay\u00bb css=\u00bb.vc_custom_1518893141248{background-image: url(https:\/\/provive.mx\/wp-content\/uploads\/2018\/02\/financiamiento-provive-comunidades-que-renacen.png?id=2612) !important;background-position: center !important;background-repeat: no-repeat !important;background-size: cover !important;}\u00bb][vc_column width=\u00bb1\/1&#8243;][vc_row_inner inova_container_class=\u00bbcontainer\u00bb el_class=\u00bbcontent-h1-space-provive\u00bb][vc_column_inner width=\u00bb2\/3&#8243;][vc_empty_space height=\u00bb275px\u00bb el_class=\u00bbh1-space-provive\u00bb][vc_column_text css=\u00bb.vc_custom_1520380793391{padding-top: 25px !important;padding-right: 25px !important;padding-bottom: 25px !important;padding-left: 25px !important;background-color: #ffffff !important;}\u00bb] Con Provive puedes obtener una de las diferentes casas adjudicadas usando tu cr\u00e9dito Infonavit, renovada y lista para habitar con garant\u00eda. [\/vc_column_text][vc_empty_space [&hellip;]<\/p>\n","protected":false},"author":7,"featured_media":0,"parent":0,"menu_order":0,"comment_status":"closed","ping_status":"closed","template":"page-homepage.php","meta":{"_et_pb_use_builder":"","_et_pb_old_content":"","_et_gb_content_width":""},"yoast_head":"<!-- This site is optimized with the Yoast SEO plugin v14.6.1 - https:\/\/yoast.com\/wordpress\/plugins\/seo\/ -->\n<title>Casas adjudicadas en M\u00e9xico | Traspasos Infonavit | Provive<\/title>\n<meta name=\"description\" content=\"Con Provive, puedes obtener una casa adjudicada en M\u00e9xico usando tu cr\u00e9dito Infonavit, renovada y lista para habitar con garant\u00eda contra vicios ocultos.\" \/>\n<meta name=\"robots\" content=\"index, follow\" \/>\n<meta name=\"googlebot\" content=\"index, follow, max-snippet:-1, max-image-preview:large, max-video-preview:-1\" \/>\n<meta name=\"bingbot\" content=\"index, follow, max-snippet:-1, max-image-preview:large, max-video-preview:-1\" \/>\n<link rel=\"canonical\" href=\"https:\/\/provive.mx\/casas-adjudicadas-traspasos-infonavit-provive\/\" \/>\n<meta property=\"og:locale\" content=\"es_ES\" \/>\n<meta property=\"og:type\" content=\"article\" \/>\n<meta property=\"og:title\" content=\"Casas adjudicadas en M\u00e9xico | Traspasos Infonavit | Provive\" \/>\n<meta property=\"og:description\" content=\"Con Provive, puedes obtener una casa adjudicada en M\u00e9xico usando tu cr\u00e9dito Infonavit, renovada y lista para habitar con garant\u00eda contra vicios ocultos.\" \/>\n<meta property=\"og:url\" content=\"https:\/\/provive.mx\/casas-adjudicadas-traspasos-infonavit-provive\/\" \/>\n<meta property=\"og:site_name\" content=\"Casas Adjudicadas | Casas en Venta | Tijuana | Provive\" \/>\n<meta property=\"article:modified_time\" content=\"2019-01-02T21:02:43+00:00\" \/>\n<meta name=\"twitter:card\" content=\"summary_large_image\" \/>\n<script type=\"application\/ld+json\" class=\"yoast-schema-graph\">{\"@context\":\"https:\/\/schema.org\",\"@graph\":[{\"@type\":\"WebSite\",\"@id\":\"https:\/\/provive.mx\/blog\/#website\",\"url\":\"https:\/\/provive.mx\/blog\/\",\"name\":\"Casas Adjudicadas | Casas en Venta | Tijuana | Provive\",\"description\":\"Las casas adjudicadas o casas en venta que Provive tiene para ti en M\\u00e9xico, se entregan renovadas, seguras, y con una garant\\u00eda \\u00fanica por vicios ocultos.\",\"potentialAction\":[{\"@type\":\"SearchAction\",\"target\":\"https:\/\/provive.mx\/blog\/?s={search_term_string}\",\"query-input\":\"required name=search_term_string\"}],\"inLanguage\":\"es\"},{\"@type\":\"WebPage\",\"@id\":\"https:\/\/provive.mx\/casas-adjudicadas-traspasos-infonavit-provive\/#webpage\",\"url\":\"https:\/\/provive.mx\/casas-adjudicadas-traspasos-infonavit-provive\/\",\"name\":\"Casas adjudicadas en M\\u00e9xico | Traspasos Infonavit | Provive\",\"isPartOf\":{\"@id\":\"https:\/\/provive.mx\/blog\/#website\"},\"datePublished\":\"2018-01-22T23:35:03+00:00\",\"dateModified\":\"2019-01-02T21:02:43+00:00\",\"description\":\"Con Provive, puedes obtener una casa adjudicada en M\\u00e9xico usando tu cr\\u00e9dito Infonavit, renovada y lista para habitar con garant\\u00eda contra vicios ocultos.\",\"inLanguage\":\"es\",\"potentialAction\":[{\"@type\":\"ReadAction\",\"target\":[\"https:\/\/provive.mx\/casas-adjudicadas-traspasos-infonavit-provive\/\"]}]}]}<\/script>\n<!-- \/ Yoast SEO plugin. -->","_links":{"self":[{"href":"https:\/\/provive.mx\/blog\/wp-json\/wp\/v2\/pages\/2276"}],"collection":[{"href":"https:\/\/provive.mx\/blog\/wp-json\/wp\/v2\/pages"}],"about":[{"href":"https:\/\/provive.mx\/blog\/wp-json\/wp\/v2\/types\/page"}],"author":[{"embeddable":true,"href":"https:\/\/provive.mx\/blog\/wp-json\/wp\/v2\/users\/7"}],"replies":[{"embeddable":true,"href":"https:\/\/provive.mx\/blog\/wp-json\/wp\/v2\/comments?post=2276"}],"version-history":[{"count":67,"href":"https:\/\/provive.mx\/blog\/wp-json\/wp\/v2\/pages\/2276\/revisions"}],"predecessor-version":[{"id":3772,"href":"https:\/\/provive.mx\/blog\/wp-json\/wp\/v2\/pages\/2276\/revisions\/3772"}],"wp:attachment":[{"href":"https:\/\/provive.mx\/blog\/wp-json\/wp\/v2\/media?parent=2276"}],"curies":[{"name":"wp","href":"https:\/\/api.w.org\/{rel}","templated":true}]}}