{"id":2384,"date":"2018-01-24T21:50:26","date_gmt":"2018-01-24T21:50:26","guid":{"rendered":"https:\/\/provive.mx\/?page_id=2384"},"modified":"2019-02-12T20:52:14","modified_gmt":"2019-02-12T20:52:14","slug":"bolsa-de-trabajo-provive-venta-de-casas-baratas-en-tijuana","status":"publish","type":"page","link":"https:\/\/provive.mx\/blog\/bolsa-de-trabajo-provive-venta-de-casas-baratas-en-tijuana\/","title":{"rendered":"Bolsa de trabajo Provive: Venta de Casas Baratas en M\u00e9xico"},"content":{"rendered":"<p>[vc_row section_templte=\u00bbfeatures-area\u00bb features_pt=\u00bb220px\u00bb features_pb=\u00bb220px\u00bb css=\u00bb.vc_custom_1519349462067{background-color: #f8fafc !important;}\u00bb el_class=\u00bb.item-space-content-provie\u00bb][vc_column width=\u00bb1\/1&#8243;][vc_row_inner inova_container_class=\u00bbcontainer\u00bb el_class=\u00bbitem-space-provie\u00bb][vc_column_inner el_class=\u00bbitem-space-provie\u00bb width=\u00bb1\/2&#8243;][inova_section_title title_type=\u00bbhalf_left\u00bb title_text=\u00bb\u00danete a nuestro equipo de trabajo y se parte de este gran cambio\u00bb][vc_column_text]Somos una empresa joven de Impacto Social que regenera comunidades, con s\u00f3lo 11 a\u00f1os en el mercado hemos re ocupado m\u00e1s de 8,000 viviendas. Ofrecemos vacantes en las \u00e1reas comercial y t\u00e9cnica. Nos dedicamos a la venta de casas baratas en Tijuana, Mexicali, Sonora y Ciudad Ju\u00e1rez.[\/vc_column_text][vc_empty_space height=\u00bb25px\u00bb][vc_btn title=\u00bbPOST\u00daLATE HOY\u00bb style=\u00bbcustom\u00bb custom_background=\u00bb#3475bb\u00bb custom_text=\u00bb#ffffff\u00bb link=\u00bburl:https%3A%2F%2Fprovive.mx%2Fbolsa-de-trabajo-provive-venta-de-casas-baratas-en-tijuana%2F%23tijuana|title:Postularme%20Hoy||\u00bb][\/vc_column_inner][vc_column_inner width=\u00bb1\/2&#8243; offset=\u00bbvc_hidden-sm vc_hidden-xs\u00bb][inova_image_half_container full_height=\u00bb\u00bb single_image=\u00bb3775&#8243;][\/vc_column_inner][\/vc_row_inner][\/vc_column][\/vc_row][vc_row section_templte=\u00bbfeatures-area2&#8243; zero_pt=\u00bb220px\u00bb zero_pb=\u00bb220px\u00bb][vc_column width=\u00bb1\/1&#8243;][vc_row_inner inova_container_class=\u00bbcontainer\u00bb][vc_column_inner offset=\u00bbvc_col-md-6&#8243;][inova_image_half_container full_height=\u00bb\u00bb single_image=\u00bb3776&#8243;][\/vc_column_inner][vc_column_inner el_class=\u00bb.item-space-content-provie\u00bb offset=\u00bbvc_col-md-6&#8243; css=\u00bb.vc_custom_1519349781490{padding-top: 0px !important;padding-right: 0px !important;padding-bottom: 0px !important;padding-left: 0px !important;}\u00bb][inova_section_title title_type=\u00bbhalf_left\u00bb title_text=\u00bbT\u00fa puedes ser parte del esfuerzo \u00a1\u00danete!\u00bb][vc_column_text el_class=\u00bbfeatures-content\u00bb]Consulta nuestras vacantes en <a href=\"#tijuana\">Tijuana<\/a>, <a href=\"#mexicali\">Mexicali<\/a> y <a href=\"#ciudad-juarez\">Ciudad Ju\u00e1rez<\/a>, en todas te ofrecemos:[\/vc_column_text][vc_column_text el_class=\u00bbfeatures-content\u00bb]<span class=\"azul\">\u00bb <\/span><em>Desarrollo y capacitaci\u00f3n profesional<\/em>[\/vc_column_text][vc_column_text el_class=\u00bbfeatures-content\u00bb]<span class=\"azul\">\u00bb <\/span><em>Trabajo en equipo<\/em>[\/vc_column_text][vc_column_text el_class=\u00bbfeatures-content\u00bb]<span class=\"azul\">\u00bb <\/span><em>Plan de crecimiento, llega tan alto como t\u00fa te lo propongas<\/em>[\/vc_column_text][vc_column_text el_class=\u00bbfeatures-content\u00bb]<span class=\"azul\">\u00bb <\/span><em>Buen ambiente de trabajo<\/em>[\/vc_column_text][\/vc_column_inner][\/vc_row_inner][\/vc_column][\/vc_row][vc_row section_templte=\u00bbfeatures-area\u00bb features_pt=\u00bb0px\u00bb css=\u00bb.vc_custom_1518656868932{border-top-width: 1px !important;padding-top: 50px !important;background-color: #f8fafc !important;border-top-color: #e8e8e8 !important;border-top-style: solid !important;}\u00bb el_id=\u00bbtijuana\u00bb][vc_column width=\u00bb1\/1&#8243;][vc_empty_space height=\u00bb150px\u00bb el_class=\u00bbh1-space-provive\u00bb][vc_row_inner][vc_column_inner width=\u00bb1\/4&#8243;][vc_empty_space height=\u00bb1px\u00bb][\/vc_column_inner][vc_column_inner width=\u00bb3\/4&#8243;][vc_column_text css=\u00bb.vc_custom_1518657103926{margin-bottom: 0px !important;padding-bottom: 0px !important;}\u00bb]<em><span class=\"azul\">Vacantes en<\/span><\/em>[\/vc_column_text][inova_section_subtitle subtitle_type=\u00bbhalf_left\u00bb description_font_size=\u00bb20px\u00bb description_font_weight=\u00bb600&#8243; subtitle_text=\u00bbTIJUANA\u00bb description_color=\u00bb#3475bb\u00bb][\/vc_column_inner][\/vc_row_inner][vc_row_inner inova_container_class=\u00bbcontainer\u00bb][vc_column_inner width=\u00bb1\/4&#8243;]<div role=\"form\" class=\"wpcf7\" id=\"wpcf7-f3375-o1\" lang=\"en-US\" dir=\"ltr\">\n<div class=\"screen-reader-response\" role=\"alert\" aria-live=\"polite\"><\/div>\n<form action=\"\/blog\/wp-json\/wp\/v2\/pages\/2384#wpcf7-f3375-o1\" method=\"post\" class=\"wpcf7-form init\" novalidate=\"novalidate\">\n<div style=\"display: none;\">\n<input type=\"hidden\" name=\"_wpcf7\" value=\"3375\" \/>\n<input type=\"hidden\" name=\"_wpcf7_version\" value=\"5.2\" \/>\n<input type=\"hidden\" name=\"_wpcf7_locale\" value=\"en_US\" \/>\n<input type=\"hidden\" name=\"_wpcf7_unit_tag\" value=\"wpcf7-f3375-o1\" \/>\n<input type=\"hidden\" name=\"_wpcf7_container_post\" value=\"0\" \/>\n<input type=\"hidden\" name=\"_wpcf7_posted_data_hash\" value=\"\" \/>\n<input type=\"hidden\" name=\"_wpcf7_recaptcha_response\" value=\"\" \/>\n<\/div>\n<div class=\"features-content\">\n<div class=\"contact-form-style-provive\">\n<p><span class=\"wpcf7-form-control-wrap your-name\"><input type=\"text\" name=\"your-name\" value=\"\" size=\"40\" class=\"wpcf7-form-control wpcf7-text wpcf7-validates-as-required form-control\" aria-required=\"true\" aria-invalid=\"false\" placeholder=\"Nombre completo (requerido)\" \/><\/span><\/p>\n<p><span class=\"wpcf7-form-control-wrap your-tel\"><input type=\"tel\" name=\"your-tel\" value=\"\" size=\"40\" class=\"wpcf7-form-control wpcf7-text wpcf7-tel wpcf7-validates-as-tel form-control\" aria-invalid=\"false\" placeholder=\"Tel\u00e9fono (con lada a 10 d\u00edgitos)\" \/><\/span><\/p>\n<p><span class=\"wpcf7-form-control-wrap your-email\"><input type=\"email\" name=\"your-email\" value=\"\" size=\"40\" class=\"wpcf7-form-control wpcf7-text wpcf7-email wpcf7-validates-as-required wpcf7-validates-as-email form-control\" aria-required=\"true\" aria-invalid=\"false\" placeholder=\"Correo electr\u00f3nico (requerido)\" \/><\/span><\/p>\n<p><span class=\"wpcf7-form-control-wrap your-work\"><input type=\"text\" name=\"your-work\" value=\"\" size=\"40\" class=\"wpcf7-form-control wpcf7-text form-control\" aria-invalid=\"false\" placeholder=\"\u00bfQu\u00e9 vacante te interesa?\" \/><\/span><\/p>\n<p><input type=\"submit\" value=\"APLICAR TIJUANA\" class=\"wpcf7-form-control wpcf7-submit btn thm-btn\" \/>\n<\/p><\/div>\n<\/div>\n<p style=\"display: none !important;\"><label>&#916;<textarea name=\"_wpcf7_ak_hp_textarea\" cols=\"45\" rows=\"8\" maxlength=\"100\"><\/textarea><\/label><input type=\"hidden\" id=\"ak_js\" name=\"_wpcf7_ak_js\" value=\"156\"\/><script>document.getElementById( \"ak_js\" ).setAttribute( \"value\", ( new Date() ).getTime() );<\/script><\/p><div class=\"wpcf7-response-output\" role=\"alert\" aria-hidden=\"true\"><\/div><\/form><\/div>[\/vc_column_inner][vc_column_inner width=\u00bb1\/4&#8243;][inova_section_subtitle subtitle_type=\u00bbhalf_left\u00bb description_font_weight=\u00bb600&#8243; subtitle_text=\u00bbAgente de Telemarketing\u00bb][vc_column_text]<span class=\"verde\">\u00bb <\/span><em>\u00a0G\u00e9nero indistinto<\/em>[\/vc_column_text][vc_column_text]<span class=\"verde\">\u00bb <\/span><em>Escolaridad: Preparatoria<\/em>[\/vc_column_text][vc_column_text]<span class=\"verde\">\u00bb <\/span><em>Conocimientos en Office<\/em>[\/vc_column_text][vc_column_text]<span class=\"verde\">\u00bb <\/span><em>Jornada de 9:00 a.m. a 6:00 p.m.<\/em>[\/vc_column_text][vc_column_text]<span class=\"verde\">\u00bb <\/span><em>Sueldo base y atractivos bonos<\/em>[\/vc_column_text][vc_column_text]<span class=\"verde\">\u00bb <\/span><em>Experencia en atenci\u00f3n al cliente o ventas<\/em>[\/vc_column_text][\/vc_column_inner][vc_column_inner width=\u00bb1\/4&#8243;][inova_section_subtitle subtitle_type=\u00bbhalf_left\u00bb description_font_weight=\u00bb600&#8243; subtitle_text=\u00bbAsesor Inmobiliario\u00bb][vc_column_text]<span class=\"verde\">\u00bb <\/span><em>Experiencia en ventas (afores, vivienda, autos, seguros, etc.)<\/em>[\/vc_column_text][vc_column_text]<span class=\"verde\">\u00bb <\/span><em>Edad de 25 a 45 a\u00f1os<\/em>[\/vc_column_text][vc_column_text]<span class=\"verde\">\u00bb <\/span><em>Autom\u00f3vil propio<\/em>[\/vc_column_text][vc_column_text]<span class=\"verde\">\u00bb <\/span><em>Trabajo en campo<\/em>[\/vc_column_text][vc_column_text]<span class=\"verde\">\u00bb <\/span><em>Sexo Indistinto<\/em>[\/vc_column_text][vc_column_text]<span class=\"verde\">\u00bb <\/span><em>Disponibilidad de horario<\/em>[\/vc_column_text][vc_column_text]<span class=\"verde\">\u00bb <\/span><em>Manejo de Office<\/em>[\/vc_column_text][\/vc_column_inner][vc_column_inner width=\u00bb1\/4&#8243;][inova_section_subtitle subtitle_type=\u00bbhalf_left\u00bb description_font_weight=\u00bb600&#8243; subtitle_text=\u00bbGestor de recuperaci\u00f3n de vivienda\u00bb][vc_column_text]\u00bb <em>Escolaridad<\/em>:\u00a0<em>Preparatoria terminada, carrera trunca.<\/em>[\/vc_column_text][vc_column_text]<em>\u00bb\u00a0Soluci\u00f3n de problemas<\/em>[\/vc_column_text][vc_column_text]<em>\u00bb\u00a0Orientado a resultados<\/em>[\/vc_column_text][vc_column_text]<em>\u00bb\u00a0Indispensable autom\u00f3vil propio<\/em>[\/vc_column_text][\/vc_column_inner][\/vc_row_inner][\/vc_column][\/vc_row][vc_row section_templte=\u00bbfeatures-area\u00bb features_pt=\u00bb0px\u00bb css=\u00bb.vc_custom_1518656858510{border-top-width: 1px !important;padding-top: 50px !important;background-color: #f8fafc !important;border-top-color: #e8e8e8 !important;border-top-style: solid !important;}\u00bb el_id=\u00bbmexicali\u00bb][vc_column width=\u00bb1\/1&#8243;][vc_empty_space height=\u00bb150px\u00bb el_class=\u00bbh1-space-provive\u00bb][vc_row_inner][vc_column_inner width=\u00bb1\/4&#8243;][vc_empty_space height=\u00bb1px\u00bb][\/vc_column_inner][vc_column_inner width=\u00bb3\/4&#8243;][vc_column_text css=\u00bb.vc_custom_1518657103926{margin-bottom: 0px !important;padding-bottom: 0px !important;}\u00bb]<em><span class=\"azul\">Vacantes en<\/span><\/em>[\/vc_column_text][inova_section_subtitle subtitle_type=\u00bbhalf_left\u00bb description_font_size=\u00bb20px\u00bb description_font_weight=\u00bb600&#8243; subtitle_text=\u00bbMEXICALI\u00bb description_color=\u00bb#3475bb\u00bb][\/vc_column_inner][\/vc_row_inner][vc_row_inner inova_container_class=\u00bbcontainer\u00bb][vc_column_inner width=\u00bb1\/4&#8243;]<div role=\"form\" class=\"wpcf7\" id=\"wpcf7-f3378-o2\" lang=\"en-US\" dir=\"ltr\">\n<div class=\"screen-reader-response\" role=\"alert\" aria-live=\"polite\"><\/div>\n<form action=\"\/blog\/wp-json\/wp\/v2\/pages\/2384#wpcf7-f3378-o2\" method=\"post\" class=\"wpcf7-form init\" novalidate=\"novalidate\">\n<div style=\"display: none;\">\n<input type=\"hidden\" name=\"_wpcf7\" value=\"3378\" \/>\n<input type=\"hidden\" name=\"_wpcf7_version\" value=\"5.2\" \/>\n<input type=\"hidden\" name=\"_wpcf7_locale\" value=\"en_US\" \/>\n<input type=\"hidden\" name=\"_wpcf7_unit_tag\" value=\"wpcf7-f3378-o2\" \/>\n<input type=\"hidden\" name=\"_wpcf7_container_post\" value=\"0\" \/>\n<input type=\"hidden\" name=\"_wpcf7_posted_data_hash\" value=\"\" \/>\n<input type=\"hidden\" name=\"_wpcf7_recaptcha_response\" value=\"\" \/>\n<\/div>\n<div class=\"features-content\">\n<div class=\"contact-form-style-provive\">\n<p><span class=\"wpcf7-form-control-wrap your-name\"><input type=\"text\" name=\"your-name\" value=\"\" size=\"40\" class=\"wpcf7-form-control wpcf7-text wpcf7-validates-as-required form-control\" aria-required=\"true\" aria-invalid=\"false\" placeholder=\"Nombre completo (requerido)\" \/><\/span><\/p>\n<p><span class=\"wpcf7-form-control-wrap your-tel\"><input type=\"tel\" name=\"your-tel\" value=\"\" size=\"40\" class=\"wpcf7-form-control wpcf7-text wpcf7-tel wpcf7-validates-as-tel form-control\" aria-invalid=\"false\" placeholder=\"Tel\u00e9fono (con lada a 10 d\u00edgitos)\" \/><\/span><\/p>\n<p><span class=\"wpcf7-form-control-wrap your-email\"><input type=\"email\" name=\"your-email\" value=\"\" size=\"40\" class=\"wpcf7-form-control wpcf7-text wpcf7-email wpcf7-validates-as-required wpcf7-validates-as-email form-control\" aria-required=\"true\" aria-invalid=\"false\" placeholder=\"Correo electr\u00f3nico (requerido)\" \/><\/span><\/p>\n<p><span class=\"wpcf7-form-control-wrap your-message\"><input type=\"text\" name=\"your-message\" value=\"\" size=\"40\" class=\"wpcf7-form-control wpcf7-text form-control\" aria-invalid=\"false\" placeholder=\"\u00bfQu\u00e9 vacante te interesa?\" \/><\/span><\/p>\n<p><input type=\"submit\" value=\"APLICAR MEXICALI\" class=\"wpcf7-form-control wpcf7-submit btn thm-btn\" \/>\n<\/p><\/div>\n<\/div>\n<p style=\"display: none !important;\"><label>&#916;<textarea name=\"_wpcf7_ak_hp_textarea\" cols=\"45\" rows=\"8\" maxlength=\"100\"><\/textarea><\/label><input type=\"hidden\" id=\"ak_js\" name=\"_wpcf7_ak_js\" value=\"15\"\/><script>document.getElementById( \"ak_js\" ).setAttribute( \"value\", ( new Date() ).getTime() );<\/script><\/p><div class=\"wpcf7-response-output\" role=\"alert\" aria-hidden=\"true\"><\/div><\/form><\/div>[\/vc_column_inner][vc_column_inner width=\u00bb1\/4&#8243;][inova_section_subtitle subtitle_type=\u00bbhalf_left\u00bb description_font_weight=\u00bb600&#8243; subtitle_text=\u00bbProspectador\u00bb][vc_column_text]<span class=\"verde\">\u00bb <\/span><em>Experiencia de 6 meses a 1 a\u00f1o como promotor (Inmobiliario \/ Telefon\u00eda \/ Cable \/ Financiero \/ Afore)<\/em>[\/vc_column_text][vc_column_text]<span class=\"verde\">\u00bb <\/span><em>Manejo de paqueter\u00eda office<\/em>[\/vc_column_text][vc_column_text]<span class=\"verde\">\u00bb <\/span><em>Manejo de redes sociales<\/em>[\/vc_column_text][vc_column_text]<span class=\"verde\">\u00bb <\/span><em>Sexo indistinto<\/em>[\/vc_column_text][vc_column_text]<span class=\"verde\">\u00bb <\/span><em>Secundaria terminada<\/em>[\/vc_column_text][vc_column_text]<span class=\"verde\">\u00bb <\/span><em>Mayor de edad<\/em>[\/vc_column_text][\/vc_column_inner][vc_column_inner width=\u00bb1\/4&#8243;][inova_section_subtitle subtitle_type=\u00bbhalf_left\u00bb description_font_weight=\u00bb600&#8243; subtitle_text=\u00bbAsesor Inmobiliario\u00bb][vc_column_text]<span class=\"verde\">\u00bb <\/span><em>Experiencia mayor a 1 a\u00f1o en ventas (Inmobiliario \/ Financiero \/ Afore)<\/em>[\/vc_column_text][vc_column_text]<span class=\"verde\">\u00bb <\/span><em>Sexo Indistinto<\/em>[\/vc_column_text][vc_column_text]<span class=\"verde\">\u00bb <\/span><em>Preparatoria terminada<\/em>[\/vc_column_text][vc_column_text]<span class=\"verde\">\u00bb <\/span><em>Mayor de edad (25 a 35 a\u00f1os)<\/em>[\/vc_column_text][vc_column_text]<span class=\"verde\">\u00bb <\/span><em>Manejo de office<\/em>[\/vc_column_text][vc_column_text]<span class=\"verde\">\u00bb <\/span><em>Conocimiento de cr\u00e9ditos hipotecarios<\/em>[\/vc_column_text][vc_column_text]<span class=\"verde\">\u00bb <\/span><em>Certificaci\u00f3n ante Infonavit (de preferencia)<\/em>[\/vc_column_text][vc_column_text]<span class=\"verde\">\u00bb <\/span><em>Contar con auto propio (de preferencia)<\/em>[\/vc_column_text][vc_column_text]<span class=\"verde\">\u00bb <\/span><em>Licencia de conducir vigente<\/em>[\/vc_column_text][\/vc_column_inner][vc_column_inner width=\u00bb1\/4&#8243;][inova_section_subtitle subtitle_type=\u00bbhalf_left\u00bb description_font_weight=\u00bb600&#8243; subtitle_text=\u00bbSupervisor de Obra\u00bb][vc_column_text]<span class=\"verde\">\u00bb <\/span><em>Ingeniero Civil (titulado)<\/em>[\/vc_column_text][vc_column_text]<span class=\"verde\">\u00bb <\/span><em>Experiencia mayor a 1 a\u00f1o (Preferentemente en rehabilitaci\u00f3n de vivienda)<\/em>[\/vc_column_text][vc_column_text]<span class=\"verde\">\u00bb <\/span><em>Contar con auto propio<\/em>[\/vc_column_text][vc_column_text]<span class=\"verde\">\u00bb <\/span><em>Disponibilidad de horario<\/em>[\/vc_column_text][\/vc_column_inner][\/vc_row_inner][vc_row_inner inova_container_class=\u00bbcontainer\u00bb css=\u00bb.vc_custom_1517429622329{padding-top: 50px !important;}\u00bb][vc_column_inner width=\u00bb1\/4&#8243;][\/vc_column_inner][vc_column_inner width=\u00bb1\/4&#8243;][\/vc_column_inner][vc_column_inner width=\u00bb1\/4&#8243;][\/vc_column_inner][\/vc_row_inner][\/vc_column][\/vc_row][vc_row section_templte=\u00bbfeatures-area\u00bb features_pt=\u00bb0px\u00bb features_pb=\u00bb220px\u00bb css=\u00bb.vc_custom_1518656844696{border-top-width: 1px !important;padding-top: 50px !important;background-color: #f8fafc !important;border-top-color: #e8e8e8 !important;border-top-style: solid !important;}\u00bb el_id=\u00bbciudad-juarez\u00bb][vc_column width=\u00bb1\/1&#8243;][vc_empty_space height=\u00bb150px\u00bb el_class=\u00bbh1-space-provive\u00bb][vc_row_inner][vc_column_inner width=\u00bb1\/4&#8243;][vc_empty_space height=\u00bb1px\u00bb][\/vc_column_inner][vc_column_inner width=\u00bb3\/4&#8243;][vc_column_text css=\u00bb.vc_custom_1518657103926{margin-bottom: 0px !important;padding-bottom: 0px !important;}\u00bb]<em><span class=\"azul\">Vacantes en<\/span><\/em>[\/vc_column_text][inova_section_subtitle subtitle_type=\u00bbhalf_left\u00bb description_font_size=\u00bb20px\u00bb description_font_weight=\u00bb600&#8243; subtitle_text=\u00bbCIUDAD JU\u00c1REZ\u00bb description_color=\u00bb#3475bb\u00bb][\/vc_column_inner][\/vc_row_inner][vc_row_inner inova_container_class=\u00bbcontainer\u00bb][vc_column_inner width=\u00bb1\/4&#8243;]<div role=\"form\" class=\"wpcf7\" id=\"wpcf7-f3380-o3\" lang=\"en-US\" dir=\"ltr\">\n<div class=\"screen-reader-response\" role=\"alert\" aria-live=\"polite\"><\/div>\n<form action=\"\/blog\/wp-json\/wp\/v2\/pages\/2384#wpcf7-f3380-o3\" method=\"post\" class=\"wpcf7-form init\" novalidate=\"novalidate\">\n<div style=\"display: none;\">\n<input type=\"hidden\" name=\"_wpcf7\" value=\"3380\" \/>\n<input type=\"hidden\" name=\"_wpcf7_version\" value=\"5.2\" \/>\n<input type=\"hidden\" name=\"_wpcf7_locale\" value=\"en_US\" \/>\n<input type=\"hidden\" name=\"_wpcf7_unit_tag\" value=\"wpcf7-f3380-o3\" \/>\n<input type=\"hidden\" name=\"_wpcf7_container_post\" value=\"0\" \/>\n<input type=\"hidden\" name=\"_wpcf7_posted_data_hash\" value=\"\" \/>\n<input type=\"hidden\" name=\"_wpcf7_recaptcha_response\" value=\"\" \/>\n<\/div>\n<div class=\"features-content\">\n<div class=\"contact-form-style-provive\">\n<p><span class=\"wpcf7-form-control-wrap your-name\"><input type=\"text\" name=\"your-name\" value=\"\" size=\"40\" class=\"wpcf7-form-control wpcf7-text wpcf7-validates-as-required form-control\" aria-required=\"true\" aria-invalid=\"false\" placeholder=\"Nombre completo (requerido)\" \/><\/span><\/p>\n<p><span class=\"wpcf7-form-control-wrap your-tel\"><input type=\"tel\" name=\"your-tel\" value=\"\" size=\"40\" class=\"wpcf7-form-control wpcf7-text wpcf7-tel wpcf7-validates-as-tel form-control\" aria-invalid=\"false\" placeholder=\"Tel\u00e9fono (con lada a 10 d\u00edgitos)\" \/><\/span><\/p>\n<p><span class=\"wpcf7-form-control-wrap your-email\"><input type=\"email\" name=\"your-email\" value=\"\" size=\"40\" class=\"wpcf7-form-control wpcf7-text wpcf7-email wpcf7-validates-as-required wpcf7-validates-as-email form-control\" aria-required=\"true\" aria-invalid=\"false\" placeholder=\"Correo electr\u00f3nico (requerido)\" \/><\/span><\/p>\n<p><span class=\"wpcf7-form-control-wrap your-message\"><input type=\"text\" name=\"your-message\" value=\"\" size=\"40\" class=\"wpcf7-form-control wpcf7-text form-control\" aria-invalid=\"false\" placeholder=\"\u00bfQu\u00e9 vacante te interesa?\" \/><\/span><\/p>\n<p><input type=\"submit\" value=\"APLICAR CIUDAD JU\u00c1REZ\" class=\"wpcf7-form-control wpcf7-submit btn thm-btn\" \/>\n<\/p><\/div>\n<\/div>\n<p style=\"display: none !important;\"><label>&#916;<textarea name=\"_wpcf7_ak_hp_textarea\" cols=\"45\" rows=\"8\" maxlength=\"100\"><\/textarea><\/label><input type=\"hidden\" id=\"ak_js\" name=\"_wpcf7_ak_js\" value=\"230\"\/><script>document.getElementById( \"ak_js\" ).setAttribute( \"value\", ( new Date() ).getTime() );<\/script><\/p><div class=\"wpcf7-response-output\" role=\"alert\" aria-hidden=\"true\"><\/div><\/form><\/div>[\/vc_column_inner][vc_column_inner width=\u00bb1\/4&#8243;][inova_section_subtitle subtitle_type=\u00bbhalf_left\u00bb description_font_weight=\u00bb600&#8243; subtitle_text=\u00bbCoordinador de ventas\u00bb][vc_column_text]<em><span class=\"verde\">\u00bb\u00a0<\/span>Experiencia en coordinaci\u00f3n.<\/em>[\/vc_column_text][vc_column_text]<span class=\"verde\">\u00bb <\/span><em>Experiencia en el ramo inmobiliario ( preferente vivienda recuperada, no indispensable ).<\/em>[\/vc_column_text][vc_column_text]<em><span class=\"verde\">\u00bb <\/span>\u00a0G\u00e9nero masculino.<\/em>[\/vc_column_text][vc_column_text]<span class=\"verde\">\u00bb <\/span><em>Trabajo en campo<\/em>[\/vc_column_text][vc_column_text]<span class=\"verde\">\u00bb <\/span><em>Disponibilidad de horario<\/em>[\/vc_column_text][vc_column_text]<span class=\"verde\">\u00bb <\/span><em>Sexo Indistinto<\/em>[\/vc_column_text][vc_column_text]<em><span class=\"verde\">\u00bb <\/span>Autom\u00f3vil propio.<\/em>[\/vc_column_text][vc_column_text]<em>\u00bb Disponibilidad de horario.<\/em>[\/vc_column_text][\/vc_column_inner][\/vc_row_inner][vc_row_inner inova_container_class=\u00bbcontainer\u00bb css=\u00bb.vc_custom_1517429622329{padding-top: 50px !important;}\u00bb][vc_column_inner width=\u00bb1\/4&#8243;][\/vc_column_inner][vc_column_inner width=\u00bb1\/4&#8243;][\/vc_column_inner][\/vc_row_inner][\/vc_column][\/vc_row]<\/p>\n","protected":false},"excerpt":{"rendered":"<p>[vc_row section_templte=\u00bbfeatures-area\u00bb features_pt=\u00bb220px\u00bb features_pb=\u00bb220px\u00bb css=\u00bb.vc_custom_1519349462067{background-color: #f8fafc !important;}\u00bb el_class=\u00bb.item-space-content-provie\u00bb][vc_column width=\u00bb1\/1&#8243;][vc_row_inner inova_container_class=\u00bbcontainer\u00bb el_class=\u00bbitem-space-provie\u00bb][vc_column_inner el_class=\u00bbitem-space-provie\u00bb width=\u00bb1\/2&#8243;][inova_section_title title_type=\u00bbhalf_left\u00bb title_text=\u00bb\u00danete a nuestro equipo de trabajo y se parte de este gran cambio\u00bb][vc_column_text]Somos una empresa joven de Impacto Social que regenera comunidades, con s\u00f3lo 11 a\u00f1os en el mercado hemos re ocupado m\u00e1s de 8,000 viviendas. Ofrecemos vacantes en las \u00e1reas [&hellip;]<\/p>\n","protected":false},"author":7,"featured_media":0,"parent":0,"menu_order":0,"comment_status":"closed","ping_status":"closed","template":"page-homepage.php","meta":{"_et_pb_use_builder":"","_et_pb_old_content":"","_et_gb_content_width":""},"yoast_head":"<!-- This site is optimized with the Yoast SEO plugin v14.6.1 - https:\/\/yoast.com\/wordpress\/plugins\/seo\/ -->\n<title>Bolsa de trabajo Provive: Venta de Casas Baratas en M\u00e9xico<\/title>\n<meta name=\"description\" content=\"Provive se dedica a la venta de casas baratas en M\u00e9xico. Si quieres unirte a nuestro equipo y ayudar a muchas familias, visita nuestra bolsa de trabajo.\" \/>\n<meta name=\"robots\" content=\"index, follow\" \/>\n<meta name=\"googlebot\" content=\"index, follow, max-snippet:-1, max-image-preview:large, max-video-preview:-1\" \/>\n<meta name=\"bingbot\" content=\"index, follow, max-snippet:-1, max-image-preview:large, max-video-preview:-1\" \/>\n<link rel=\"canonical\" href=\"https:\/\/provive.mx\/bolsa-de-trabajo-provive-venta-de-casas-baratas-en-tijuana\/\" \/>\n<meta property=\"og:locale\" content=\"es_ES\" \/>\n<meta property=\"og:type\" content=\"article\" \/>\n<meta property=\"og:title\" content=\"Bolsa de trabajo Provive: Venta de Casas Baratas en M\u00e9xico\" \/>\n<meta property=\"og:description\" content=\"Provive se dedica a la venta de casas baratas en M\u00e9xico. Si quieres unirte a nuestro equipo y ayudar a muchas familias, visita nuestra bolsa de trabajo.\" \/>\n<meta property=\"og:url\" content=\"https:\/\/provive.mx\/bolsa-de-trabajo-provive-venta-de-casas-baratas-en-tijuana\/\" \/>\n<meta property=\"og:site_name\" content=\"Casas Adjudicadas | Casas en Venta | Tijuana | Provive\" \/>\n<meta property=\"article:modified_time\" content=\"2019-02-12T20:52:14+00:00\" \/>\n<meta name=\"twitter:card\" content=\"summary_large_image\" \/>\n<script type=\"application\/ld+json\" class=\"yoast-schema-graph\">{\"@context\":\"https:\/\/schema.org\",\"@graph\":[{\"@type\":\"WebSite\",\"@id\":\"https:\/\/provive.mx\/blog\/#website\",\"url\":\"https:\/\/provive.mx\/blog\/\",\"name\":\"Casas Adjudicadas | Casas en Venta | Tijuana | Provive\",\"description\":\"Las casas adjudicadas o casas en venta que Provive tiene para ti en M\\u00e9xico, se entregan renovadas, seguras, y con una garant\\u00eda \\u00fanica por vicios ocultos.\",\"potentialAction\":[{\"@type\":\"SearchAction\",\"target\":\"https:\/\/provive.mx\/blog\/?s={search_term_string}\",\"query-input\":\"required name=search_term_string\"}],\"inLanguage\":\"es\"},{\"@type\":\"WebPage\",\"@id\":\"https:\/\/provive.mx\/bolsa-de-trabajo-provive-venta-de-casas-baratas-en-tijuana\/#webpage\",\"url\":\"https:\/\/provive.mx\/bolsa-de-trabajo-provive-venta-de-casas-baratas-en-tijuana\/\",\"name\":\"Bolsa de trabajo Provive: Venta de Casas Baratas en M\\u00e9xico\",\"isPartOf\":{\"@id\":\"https:\/\/provive.mx\/blog\/#website\"},\"datePublished\":\"2018-01-24T21:50:26+00:00\",\"dateModified\":\"2019-02-12T20:52:14+00:00\",\"description\":\"Provive se dedica a la venta de casas baratas en M\\u00e9xico. Si quieres unirte a nuestro equipo y ayudar a muchas familias, visita nuestra bolsa de trabajo.\",\"inLanguage\":\"es\",\"potentialAction\":[{\"@type\":\"ReadAction\",\"target\":[\"https:\/\/provive.mx\/bolsa-de-trabajo-provive-venta-de-casas-baratas-en-tijuana\/\"]}]}]}<\/script>\n<!-- \/ Yoast SEO plugin. -->","_links":{"self":[{"href":"https:\/\/provive.mx\/blog\/wp-json\/wp\/v2\/pages\/2384"}],"collection":[{"href":"https:\/\/provive.mx\/blog\/wp-json\/wp\/v2\/pages"}],"about":[{"href":"https:\/\/provive.mx\/blog\/wp-json\/wp\/v2\/types\/page"}],"author":[{"embeddable":true,"href":"https:\/\/provive.mx\/blog\/wp-json\/wp\/v2\/users\/7"}],"replies":[{"embeddable":true,"href":"https:\/\/provive.mx\/blog\/wp-json\/wp\/v2\/comments?post=2384"}],"version-history":[{"count":50,"href":"https:\/\/provive.mx\/blog\/wp-json\/wp\/v2\/pages\/2384\/revisions"}],"predecessor-version":[{"id":3820,"href":"https:\/\/provive.mx\/blog\/wp-json\/wp\/v2\/pages\/2384\/revisions\/3820"}],"wp:attachment":[{"href":"https:\/\/provive.mx\/blog\/wp-json\/wp\/v2\/media?parent=2384"}],"curies":[{"name":"wp","href":"https:\/\/api.w.org\/{rel}","templated":true}]}}