{"id":3561,"date":"2018-06-05T18:15:54","date_gmt":"2018-06-05T18:15:54","guid":{"rendered":"https:\/\/provive.mx\/?page_id=3561"},"modified":"2018-11-08T04:43:44","modified_gmt":"2018-11-08T04:43:44","slug":"gracias-guia","status":"publish","type":"page","link":"https:\/\/provive.mx\/blog\/gracias-guia\/","title":{"rendered":"Gracias Gu\u00eda"},"content":{"rendered":"<p>[vc_row][vc_column width=\u00bb1\/1&#8243;][vc_empty_space height=\u00bb100px\u00bb][\/vc_column][\/vc_row][vc_row][vc_column width=\u00bb1\/2&#8243;][inova_raw_html]<\/p>\n<h2>Gracias por tomarte el tiempo de visitar nuestro sitio.<\/h2>\n<h3>Su informaci\u00f3n fue recibida con \u00e9xito.<\/h3>\n<h3>Uno de nuestros asesores se pondr\u00e1 en contacto muy pronto. Buen d\u00eda.<\/h3>\n<p>[\/inova_raw_html][vc_btn title=\u00bbClic aqu\u00ed para descargar gu\u00eda\u00bb style=\u00bbflat\u00bb shape=\u00bbsquare\u00bb color=\u00bbdanger\u00bb size=\u00bblg\u00bb align=\u00bbleft\u00bb i_icon_fontawesome=\u00bbfa fa-cloud-download\u00bb add_icon=\u00bbtrue\u00bb link=\u00bburl:https%3A%2F%2Fprovive.mx%2Fwp-content%2Fuploads%2F2018%2F11%2Fguia-infonavit-provive.pdf|title:Descargar%20tu%20gu%C3%ADa|target:%20_blank|rel:nofollow\u00bb][\/vc_column][vc_column width=\u00bb1\/2&#8243;][\/vc_column][\/vc_row][vc_row][vc_column width=\u00bb1\/1&#8243;][vc_empty_space height=\u00bb100px\u00bb][\/vc_column][\/vc_row]<\/p>\n","protected":false},"excerpt":{"rendered":"<p>[vc_row][vc_column width=\u00bb1\/1&#8243;][vc_empty_space height=\u00bb100px\u00bb][\/vc_column][\/vc_row][vc_row][vc_column width=\u00bb1\/2&#8243;][inova_raw_html] Gracias por tomarte el tiempo de visitar nuestro sitio. Su informaci\u00f3n fue recibida con \u00e9xito. Uno de nuestros asesores se pondr\u00e1 en contacto muy pronto. Buen d\u00eda. [\/inova_raw_html][vc_btn title=\u00bbClic aqu\u00ed para descargar gu\u00eda\u00bb style=\u00bbflat\u00bb shape=\u00bbsquare\u00bb color=\u00bbdanger\u00bb size=\u00bblg\u00bb align=\u00bbleft\u00bb i_icon_fontawesome=\u00bbfa fa-cloud-download\u00bb add_icon=\u00bbtrue\u00bb link=\u00bburl:https%3A%2F%2Fprovive.mx%2Fwp-content%2Fuploads%2F2018%2F11%2Fguia-infonavit-provive.pdf|title:Descargar%20tu%20gu%C3%ADa|target:%20_blank|rel:nofollow\u00bb][\/vc_column][vc_column width=\u00bb1\/2&#8243;][\/vc_column][\/vc_row][vc_row][vc_column width=\u00bb1\/1&#8243;][vc_empty_space height=\u00bb100px\u00bb][\/vc_column][\/vc_row]<\/p>\n","protected":false},"author":1,"featured_media":0,"parent":0,"menu_order":0,"comment_status":"closed","ping_status":"closed","template":"","meta":{"_et_pb_use_builder":"","_et_pb_old_content":"","_et_gb_content_width":""},"yoast_head":"<!-- This site is optimized with the Yoast SEO plugin v14.6.1 - https:\/\/yoast.com\/wordpress\/plugins\/seo\/ -->\n<title>Gracias Gu\u00eda<\/title>\n<meta name=\"robots\" content=\"noindex, follow\" \/>\n<meta property=\"og:locale\" content=\"es_ES\" \/>\n<meta property=\"og:type\" content=\"article\" \/>\n<meta property=\"og:title\" content=\"Gracias Gu\u00eda\" \/>\n<meta property=\"og:description\" content=\"[vc_row][vc_column width=\u00bb1\/1&#8243;][vc_empty_space height=\u00bb100px\u00bb][\/vc_column][\/vc_row][vc_row][vc_column width=\u00bb1\/2&#8243;][inova_raw_html] Gracias por tomarte el tiempo de visitar nuestro sitio. Su informaci\u00f3n fue recibida con \u00e9xito. Uno de nuestros asesores se pondr\u00e1 en contacto muy pronto. Buen d\u00eda. [\/inova_raw_html][vc_btn title=\u00bbClic aqu\u00ed para descargar gu\u00eda\u00bb style=\u00bbflat\u00bb shape=\u00bbsquare\u00bb color=\u00bbdanger\u00bb size=\u00bblg\u00bb align=\u00bbleft\u00bb i_icon_fontawesome=\u00bbfa fa-cloud-download\u00bb add_icon=\u00bbtrue\u00bb link=\u00bburl:https%3A%2F%2Fprovive.mx%2Fwp-content%2Fuploads%2F2018%2F11%2Fguia-infonavit-provive.pdf|title:Descargar%20tu%20gu%C3%ADa|target:%20_blank|rel:nofollow\u00bb][\/vc_column][vc_column width=\u00bb1\/2&#8243;][\/vc_column][\/vc_row][vc_row][vc_column width=\u00bb1\/1&#8243;][vc_empty_space height=\u00bb100px\u00bb][\/vc_column][\/vc_row]\" \/>\n<meta property=\"og:url\" content=\"https:\/\/provive.mx\/gracias-guia\/\" \/>\n<meta property=\"og:site_name\" content=\"Casas Adjudicadas | Casas en Venta | Tijuana | Provive\" \/>\n<meta property=\"article:modified_time\" content=\"2018-11-08T04:43:44+00:00\" \/>\n<meta name=\"twitter:card\" content=\"summary_large_image\" \/>\n<script type=\"application\/ld+json\" class=\"yoast-schema-graph\">{\"@context\":\"https:\/\/schema.org\",\"@graph\":[{\"@type\":\"WebSite\",\"@id\":\"https:\/\/provive.mx\/blog\/#website\",\"url\":\"https:\/\/provive.mx\/blog\/\",\"name\":\"Casas Adjudicadas | Casas en Venta | Tijuana | Provive\",\"description\":\"Las casas adjudicadas o casas en venta que Provive tiene para ti en M\\u00e9xico, se entregan renovadas, seguras, y con una garant\\u00eda \\u00fanica por vicios ocultos.\",\"potentialAction\":[{\"@type\":\"SearchAction\",\"target\":\"https:\/\/provive.mx\/blog\/?s={search_term_string}\",\"query-input\":\"required name=search_term_string\"}],\"inLanguage\":\"es\"},{\"@type\":\"WebPage\",\"@id\":\"https:\/\/provive.mx\/gracias-guia\/#webpage\",\"url\":\"https:\/\/provive.mx\/gracias-guia\/\",\"name\":\"Gracias Gu\\u00eda\",\"isPartOf\":{\"@id\":\"https:\/\/provive.mx\/blog\/#website\"},\"datePublished\":\"2018-06-05T18:15:54+00:00\",\"dateModified\":\"2018-11-08T04:43:44+00:00\",\"inLanguage\":\"es\",\"potentialAction\":[{\"@type\":\"ReadAction\",\"target\":[\"https:\/\/provive.mx\/gracias-guia\/\"]}]}]}<\/script>\n<!-- \/ Yoast SEO plugin. -->","_links":{"self":[{"href":"https:\/\/provive.mx\/blog\/wp-json\/wp\/v2\/pages\/3561"}],"collection":[{"href":"https:\/\/provive.mx\/blog\/wp-json\/wp\/v2\/pages"}],"about":[{"href":"https:\/\/provive.mx\/blog\/wp-json\/wp\/v2\/types\/page"}],"author":[{"embeddable":true,"href":"https:\/\/provive.mx\/blog\/wp-json\/wp\/v2\/users\/1"}],"replies":[{"embeddable":true,"href":"https:\/\/provive.mx\/blog\/wp-json\/wp\/v2\/comments?post=3561"}],"version-history":[{"count":7,"href":"https:\/\/provive.mx\/blog\/wp-json\/wp\/v2\/pages\/3561\/revisions"}],"predecessor-version":[{"id":3649,"href":"https:\/\/provive.mx\/blog\/wp-json\/wp\/v2\/pages\/3561\/revisions\/3649"}],"wp:attachment":[{"href":"https:\/\/provive.mx\/blog\/wp-json\/wp\/v2\/media?parent=3561"}],"curies":[{"name":"wp","href":"https:\/\/api.w.org\/{rel}","templated":true}]}}